{"id":16,"date":"2017-04-24T18:30:17","date_gmt":"2017-04-24T18:30:17","guid":{"rendered":"http:\/\/christiankoehn.de\/?page_id=16"},"modified":"2025-02-20T16:13:33","modified_gmt":"2025-02-20T14:13:33","slug":"ueber-mich","status":"publish","type":"page","link":"https:\/\/christiankoehn.de\/","title":{"rendered":"Christian K\u00f6hn, Pianist"},"content":{"rendered":"\n<figure class=\"wp-block-image size-full is-resized\"><img loading=\"lazy\" decoding=\"async\" width=\"495\" height=\"743\" src=\"https:\/\/christiankoehn.de\/wp-content\/uploads\/2025\/02\/Christian-Koehn-2024-klein.jpg\" alt=\"Christian K\u00f6hn\" class=\"wp-image-546\" style=\"width:314px;height:auto\" srcset=\"https:\/\/christiankoehn.de\/wp-content\/uploads\/2025\/02\/Christian-Koehn-2024-klein.jpg 495w, https:\/\/christiankoehn.de\/wp-content\/uploads\/2025\/02\/Christian-Koehn-2024-klein-200x300.jpg 200w\" sizes=\"auto, (max-width: 495px) 100vw, 495px\" \/><\/figure>\n\n\n\n<p><strong>Christian K\u00f6hn <\/strong>wurde in Bochum geboren und erhielt als Siebenj\u00e4hriger seinen ersten Klavierunterricht. Bereits drei Jahre sp\u00e4ter nahm ihn die Abteilung Dortmund der damaligen Hochschule f\u00fcr Musik Westfalen-Lippe als Jungstudent in die Klasse von Joseph Matthias Blome auf. Nach dem Abitur ging er zu Renate Kretschmar-Fischer an die Musikhochschule Detmold und vollendete dort in weiteren acht Jahren seine Ausbildung bis zum erfolgreichen Abschluss mit dem Konzertexamen. Er war Stipendiat der \u201eOscar und Vera Ritter-Stiftung\u201c, erhielt zweimal den F\u00f6rderpreis des \u201eDeutschen Musikwettbewerbs\u201c, nahm an der \u201eBundesauswahl Konzerte Junger K\u00fcnstler\u201c teil und war Preistr\u00e4ger des Internationalen Schubert-Wettbewerbs in Dortmund.<\/p>\n\n\n\n<p>Besonders pflegt er das vierh\u00e4ndige Klavierspiel an einem oder zwei Klavier(en) mit seiner Duo-Partnerin Silke-Thora Matthies. Als Klavierduo Matthies\/K\u00f6hn wurden sie Preistr\u00e4ger des Deutschen Musikwettbewerbs, des Wettbewerbs des Kulturkreises im Bundesverband der Deutschen Industrie (BDI) und des ARD Musikwettbewerbs in M\u00fcnchen. Sie unternahmen ausgedehnte Tourneen durch die Bundesrepublik Deutschland, zahlreiche deutsche Rundfunkanstalten f\u00fchrten Studio-Produktionen mit ihnen durch, und sie brachten Kompositionen zeitgen\u00f6ssischer Komponisten zur Urauff\u00fchrung. F\u00fcr das Label \u201eNaxos\u201c spielten sie u.a. auf 18 CDs die weltweit erste Gesamtaufnahme s\u00e4mtlicher Werke f\u00fcr Klavierduo von Johannes Brahms ein. Parallel arbeitet Christian K\u00f6hn als Herausgeber von Klavierduo- und Soloausgaben f\u00fcr den B\u00e4renreiter-Verlag Kassel. Christian K\u00f6hn ist seit 2005 Dozent an der Musikhochschule Detmold und \u00fcbernahm 2015\/2016 zus\u00e4tzlich eine Professur-Vertretung f\u00fcr das k\u00fcnstlerische Hauptfach Klavier an der Musikhochschule W\u00fcrzburg.<\/p>\n","protected":false},"excerpt":{"rendered":"<p>Christian K\u00f6hn wurde in Bochum geboren und erhielt als Siebenj\u00e4hriger seinen ersten Klavierunterricht. Bereits drei Jahre sp\u00e4ter nahm ihn die Abteilung Dortmund der damaligen Hochschule f\u00fcr Musik Westfalen-Lippe als Jungstudent in die Klasse von Joseph Matthias Blome auf. Nach dem Abitur ging er zu Renate Kretschmar-Fischer an die Musikhochschule Detmold und vollendete dort in weiteren &hellip; <\/p>\n<p class=\"link-more\"><a href=\"https:\/\/christiankoehn.de\/\" class=\"more-link\"><span class=\"screen-reader-text\">\u201eChristian K\u00f6hn, Pianist\u201c <\/span>weiterlesen<\/a><\/p>\n","protected":false},"author":1,"featured_media":0,"parent":0,"menu_order":0,"comment_status":"closed","ping_status":"closed","template":"","meta":{"om_disable_all_campaigns":false,"_monsterinsights_skip_tracking":false,"_monsterinsights_sitenote_active":false,"_monsterinsights_sitenote_note":"","_monsterinsights_sitenote_category":0,"footnotes":"","_links_to":"","_links_to_target":""},"class_list":["post-16","page","type-page","status-publish","hentry"],"aioseo_notices":[],"_links":{"self":[{"href":"https:\/\/christiankoehn.de\/index.php?rest_route=\/wp\/v2\/pages\/16","targetHints":{"allow":["GET"]}}],"collection":[{"href":"https:\/\/christiankoehn.de\/index.php?rest_route=\/wp\/v2\/pages"}],"about":[{"href":"https:\/\/christiankoehn.de\/index.php?rest_route=\/wp\/v2\/types\/page"}],"author":[{"embeddable":true,"href":"https:\/\/christiankoehn.de\/index.php?rest_route=\/wp\/v2\/users\/1"}],"replies":[{"embeddable":true,"href":"https:\/\/christiankoehn.de\/index.php?rest_route=%2Fwp%2Fv2%2Fcomments&post=16"}],"version-history":[{"count":7,"href":"https:\/\/christiankoehn.de\/index.php?rest_route=\/wp\/v2\/pages\/16\/revisions"}],"predecessor-version":[{"id":548,"href":"https:\/\/christiankoehn.de\/index.php?rest_route=\/wp\/v2\/pages\/16\/revisions\/548"}],"wp:attachment":[{"href":"https:\/\/christiankoehn.de\/index.php?rest_route=%2Fwp%2Fv2%2Fmedia&parent=16"}],"curies":[{"name":"wp","href":"https:\/\/api.w.org\/{rel}","templated":true}]}}